{"id":364,"date":"2024-06-19T10:39:45","date_gmt":"2024-06-19T10:39:45","guid":{"rendered":"https:\/\/loebich-moebelhandwerk.de\/?page_id=364"},"modified":"2026-03-17T10:39:26","modified_gmt":"2026-03-17T10:39:26","slug":"wohnzimmer","status":"publish","type":"page","link":"https:\/\/loebich-moebelhandwerk.de\/index.php\/projekte\/wohnzimmer\/","title":{"rendered":"Wohnzimmer"},"content":{"rendered":"\n<div class=\"wp-block-group alignfull pattern_multiple_covers has-background has-global-padding is-layout-constrained wp-block-group-is-layout-constrained\" id=\"services\" style=\"background-color:#486e89\">\n<div style=\"height:0px\" aria-hidden=\"true\" class=\"wp-block-spacer\"><\/div>\n\n\n\n<h1 class=\"wp-block-heading has-text-align-center has-white-color has-text-color has-link-color has-large-font-size wp-elements-045ec60c7cd270146a0aaf3ce61a368a\"><\/h1>\n\n\n\n<div style=\"height:0px\" aria-hidden=\"true\" class=\"wp-block-spacer\"><\/div>\n\n\n\n<div class=\"wp-block-columns is-layout-flex wp-container-core-columns-is-layout-28f84493 wp-block-columns-is-layout-flex\">\n<div class=\"wp-block-column is-layout-flow wp-block-column-is-layout-flow\">\n<div style=\"height:0px\" aria-hidden=\"true\" class=\"wp-block-spacer\"><\/div>\n<\/div>\n<\/div>\n\n\n\n<div style=\"height:0px\" aria-hidden=\"true\" class=\"wp-block-spacer\"><\/div>\n\n\n\n<p><\/p>\n\n\n\n<div class=\"wp-block-media-text is-stacked-on-mobile\" style=\"grid-template-columns:67% auto\"><figure class=\"wp-block-media-text__media\"><img loading=\"lazy\" decoding=\"async\" width=\"1024\" height=\"768\" src=\"https:\/\/loebich-moebelhandwerk.de\/wp-content\/uploads\/2024\/06\/IMG_9044-1024x768.jpg\" alt=\"\" class=\"wp-image-356 size-full\" srcset=\"https:\/\/loebich-moebelhandwerk.de\/wp-content\/uploads\/2024\/06\/IMG_9044-1024x768.jpg 1024w, https:\/\/loebich-moebelhandwerk.de\/wp-content\/uploads\/2024\/06\/IMG_9044-300x225.jpg 300w, https:\/\/loebich-moebelhandwerk.de\/wp-content\/uploads\/2024\/06\/IMG_9044-2000x1500.jpg 2000w\" sizes=\"auto, (max-width: 1024px) 100vw, 1024px\" \/><\/figure><div class=\"wp-block-media-text__content\">\n<p class=\"has-text-align-left has-white-color has-text-color has-link-color has-medium-font-size wp-elements-38b11745960082cf38f13e8e9d582166\"><a href=\"https:\/\/loebich-moebelhandwerk.de\/index.php\/raumtrenner\/\">Raumtrenner<\/a> mit Klapptisch und Flaschenregal und zwei Schubladen, um Getr\u00e4nkek\u00e4sten zu verstauen. Zwischen den Klapptischen gibt es eine Ablagem\u00f6glichkeit.<\/p>\n<\/div><\/div>\n\n\n\n<div class=\"wp-block-columns is-layout-flex wp-container-core-columns-is-layout-28f84493 wp-block-columns-is-layout-flex\">\n<div class=\"wp-block-column is-layout-flow wp-block-column-is-layout-flow\">\n<figure class=\"wp-block-image size-large\"><img loading=\"lazy\" decoding=\"async\" width=\"768\" height=\"1024\" src=\"https:\/\/loebich-moebelhandwerk.de\/wp-content\/uploads\/2024\/06\/IMG_9045-768x1024.jpg\" alt=\"\" class=\"wp-image-383\" srcset=\"https:\/\/loebich-moebelhandwerk.de\/wp-content\/uploads\/2024\/06\/IMG_9045-768x1024.jpg 768w, https:\/\/loebich-moebelhandwerk.de\/wp-content\/uploads\/2024\/06\/IMG_9045-225x300.jpg 225w, https:\/\/loebich-moebelhandwerk.de\/wp-content\/uploads\/2024\/06\/IMG_9045-2000x2667.jpg 2000w, https:\/\/loebich-moebelhandwerk.de\/wp-content\/uploads\/2024\/06\/IMG_9045-scaled.jpg 1920w\" sizes=\"auto, (max-width: 768px) 100vw, 768px\" \/><\/figure>\n<\/div>\n\n\n\n<div class=\"wp-block-column is-layout-flow wp-block-column-is-layout-flow\">\n<figure class=\"wp-block-image alignwide size-large\"><img loading=\"lazy\" decoding=\"async\" width=\"576\" height=\"1024\" src=\"https:\/\/loebich-moebelhandwerk.de\/wp-content\/uploads\/2024\/06\/IMG_9046_1-576x1024.jpg\" alt=\"\" class=\"wp-image-386\" srcset=\"https:\/\/loebich-moebelhandwerk.de\/wp-content\/uploads\/2024\/06\/IMG_9046_1-576x1024.jpg 576w, https:\/\/loebich-moebelhandwerk.de\/wp-content\/uploads\/2024\/06\/IMG_9046_1-169x300.jpg 169w, https:\/\/loebich-moebelhandwerk.de\/wp-content\/uploads\/2024\/06\/IMG_9046_1-2000x3556.jpg 2000w, https:\/\/loebich-moebelhandwerk.de\/wp-content\/uploads\/2024\/06\/IMG_9046_1-scaled.jpg 1440w\" sizes=\"auto, (max-width: 576px) 100vw, 576px\" \/><\/figure>\n<\/div>\n<\/div>\n\n\n\n<div style=\"height:40px\" aria-hidden=\"true\" class=\"wp-block-spacer\"><\/div>\n\n\n\n<div class=\"wp-block-media-text is-stacked-on-mobile\" style=\"grid-template-columns:64% auto\"><figure class=\"wp-block-media-text__media\"><img loading=\"lazy\" decoding=\"async\" width=\"1024\" height=\"768\" src=\"https:\/\/loebich-moebelhandwerk.de\/wp-content\/uploads\/2024\/06\/IMG_8723-1024x768.jpg\" alt=\"\" class=\"wp-image-94 size-full\" srcset=\"https:\/\/loebich-moebelhandwerk.de\/wp-content\/uploads\/2024\/06\/IMG_8723-1024x768.jpg 1024w, https:\/\/loebich-moebelhandwerk.de\/wp-content\/uploads\/2024\/06\/IMG_8723-300x225.jpg 300w, https:\/\/loebich-moebelhandwerk.de\/wp-content\/uploads\/2024\/06\/IMG_8723-2000x1500.jpg 2000w\" sizes=\"auto, (max-width: 1024px) 100vw, 1024px\" \/><\/figure><div class=\"wp-block-media-text__content\">\n<p class=\"has-white-color has-text-color has-link-color has-medium-font-size wp-elements-b6b31a4c513978e1dd67fc22066bd739\"><a href=\"https:\/\/loebich-moebelhandwerk.de\/index.php\/buecherregal\/\">B\u00fccherregal<\/a> auf ein vorhandenes Podest aus Ahorn wei\u00df lasiert.<\/p>\n<\/div><\/div>\n\n\n\n<div style=\"height:39px\" aria-hidden=\"true\" class=\"wp-block-spacer\"><\/div>\n\n\n\n<div class=\"wp-block-columns is-layout-flex wp-container-core-columns-is-layout-28f84493 wp-block-columns-is-layout-flex\">\n<div class=\"wp-block-column is-layout-flow wp-block-column-is-layout-flow\">\n<div class=\"wp-block-media-text has-media-on-the-right is-stacked-on-mobile\" style=\"grid-template-columns:auto 56%\"><div class=\"wp-block-media-text__content\">\n<p class=\"has-text-align-center has-white-color has-text-color has-link-color has-medium-font-size wp-elements-dd83a771571ace2de5a8bc5d3a40247d\">Schlichtes <a href=\"https:\/\/loebich-moebelhandwerk.de\/index.php\/regal-aus-ahorn\/\">Ahornregal<\/a> mit verschiedenen H\u00f6hen f\u00fcr Pflanzen oder gr\u00f6\u00dfere B\u00fccher<\/p>\n<\/div><figure class=\"wp-block-media-text__media\"><img loading=\"lazy\" decoding=\"async\" width=\"819\" height=\"1024\" src=\"https:\/\/loebich-moebelhandwerk.de\/wp-content\/uploads\/2024\/06\/IMG_7962_1-819x1024.jpg\" alt=\"\" class=\"wp-image-391 size-full\" srcset=\"https:\/\/loebich-moebelhandwerk.de\/wp-content\/uploads\/2024\/06\/IMG_7962_1-819x1024.jpg 819w, https:\/\/loebich-moebelhandwerk.de\/wp-content\/uploads\/2024\/06\/IMG_7962_1-240x300.jpg 240w, https:\/\/loebich-moebelhandwerk.de\/wp-content\/uploads\/2024\/06\/IMG_7962_1-2000x2500.jpg 2000w, https:\/\/loebich-moebelhandwerk.de\/wp-content\/uploads\/2024\/06\/IMG_7962_1-scaled.jpg 2048w\" sizes=\"auto, (max-width: 819px) 100vw, 819px\" \/><\/figure><\/div>\n<\/div>\n<\/div>\n\n\n\n<div style=\"height:39px\" aria-hidden=\"true\" class=\"wp-block-spacer\"><\/div>\n\n\n\n<div class=\"wp-block-media-text is-stacked-on-mobile\" style=\"grid-template-columns:64% auto\"><figure class=\"wp-block-media-text__media\"><img loading=\"lazy\" decoding=\"async\" width=\"768\" height=\"1024\" src=\"https:\/\/loebich-moebelhandwerk.de\/wp-content\/uploads\/2026\/03\/IMG_0402-768x1024.jpg\" alt=\"\" class=\"wp-image-733 size-full\" srcset=\"https:\/\/loebich-moebelhandwerk.de\/wp-content\/uploads\/2026\/03\/IMG_0402-768x1024.jpg 768w, https:\/\/loebich-moebelhandwerk.de\/wp-content\/uploads\/2026\/03\/IMG_0402-225x300.jpg 225w, https:\/\/loebich-moebelhandwerk.de\/wp-content\/uploads\/2026\/03\/IMG_0402-2000x2667.jpg 2000w, https:\/\/loebich-moebelhandwerk.de\/wp-content\/uploads\/2026\/03\/IMG_0402-scaled.jpg 1920w\" sizes=\"auto, (max-width: 768px) 100vw, 768px\" \/><\/figure><div class=\"wp-block-media-text__content\">\n<p class=\"has-white-color has-text-color has-link-color has-medium-font-size wp-elements-488e70fb589178a284f34b68323fc260\"><a href=\"https:\/\/loebich-moebelhandwerk.de\/index.php\/katzenkletterwand\/\">Katzenkletterwand<\/a> kombiniert aus \u00c4sten und alten Kranzbaumelementen und neuen <\/p>\n<\/div><\/div>\n<\/div>\n","protected":false},"excerpt":{"rendered":"<p>Raumtrenner mit Klapptisch und Flaschenregal und zwei Schubladen, um Getr\u00e4nkek\u00e4sten zu verstauen. Zwischen den Klapptischen gibt es eine Ablagem\u00f6glichkeit. B\u00fccherregal auf ein vorhandenes Podest aus Ahorn wei\u00df lasiert. Schlichtes Ahornregal mit verschiedenen H\u00f6hen f\u00fcr Pflanzen oder gr\u00f6\u00dfere B\u00fccher Katzenkletterwand kombiniert aus \u00c4sten und alten Kranzbaumelementen und neuen<\/p>\n","protected":false},"author":1,"featured_media":173,"parent":314,"menu_order":0,"comment_status":"closed","ping_status":"closed","template":"","meta":{"inspiro_hide_title":false,"footnotes":""},"class_list":["post-364","page","type-page","status-publish","has-post-thumbnail","hentry"],"_links":{"self":[{"href":"https:\/\/loebich-moebelhandwerk.de\/index.php\/wp-json\/wp\/v2\/pages\/364","targetHints":{"allow":["GET"]}}],"collection":[{"href":"https:\/\/loebich-moebelhandwerk.de\/index.php\/wp-json\/wp\/v2\/pages"}],"about":[{"href":"https:\/\/loebich-moebelhandwerk.de\/index.php\/wp-json\/wp\/v2\/types\/page"}],"author":[{"embeddable":true,"href":"https:\/\/loebich-moebelhandwerk.de\/index.php\/wp-json\/wp\/v2\/users\/1"}],"replies":[{"embeddable":true,"href":"https:\/\/loebich-moebelhandwerk.de\/index.php\/wp-json\/wp\/v2\/comments?post=364"}],"version-history":[{"count":11,"href":"https:\/\/loebich-moebelhandwerk.de\/index.php\/wp-json\/wp\/v2\/pages\/364\/revisions"}],"predecessor-version":[{"id":751,"href":"https:\/\/loebich-moebelhandwerk.de\/index.php\/wp-json\/wp\/v2\/pages\/364\/revisions\/751"}],"up":[{"embeddable":true,"href":"https:\/\/loebich-moebelhandwerk.de\/index.php\/wp-json\/wp\/v2\/pages\/314"}],"wp:featuredmedia":[{"embeddable":true,"href":"https:\/\/loebich-moebelhandwerk.de\/index.php\/wp-json\/wp\/v2\/media\/173"}],"wp:attachment":[{"href":"https:\/\/loebich-moebelhandwerk.de\/index.php\/wp-json\/wp\/v2\/media?parent=364"}],"curies":[{"name":"wp","href":"https:\/\/api.w.org\/{rel}","templated":true}]}}