{"id":190,"date":"2024-06-06T14:45:18","date_gmt":"2024-06-06T14:45:18","guid":{"rendered":"https:\/\/loebich-moebelhandwerk.de\/?page_id=190"},"modified":"2025-01-19T10:39:54","modified_gmt":"2025-01-19T10:39:54","slug":"ueber-mich","status":"publish","type":"page","link":"https:\/\/loebich-moebelhandwerk.de\/index.php\/ueber-mich\/","title":{"rendered":"\u00dcber mich"},"content":{"rendered":"\n<div class=\"wp-block-group alignfull has-background has-global-padding is-layout-constrained wp-block-group-is-layout-constrained\" style=\"background-color:#486144\">\n<div class=\"wp-block-group has-white-color has-text-color has-link-color wp-elements-ea2d7cc94f41834aac0e61c112ea4376 has-global-padding is-layout-constrained wp-block-group-is-layout-constrained\" style=\"padding-top:var(--wp--preset--spacing--small);padding-bottom:var(--wp--preset--spacing--small)\">\n<p class=\"has-medium-font-size\">Meine Leidenschaft ist es M\u00f6bel herzustellen, die sich zeitlos durch Qualit\u00e4t und Gestaltung in die Wohnung und Alltag einf\u00fcgen. Einen besonderen Fokus lege ich auf Nachhaltigkeit. Daher verwende ich, soweit ich kann, ausschlie\u00dflich nat\u00fcrliche Materialien wie Massivholz oder Linoleum. Veredelt werden die Oberfl\u00e4chen der H\u00f6lzer mit l\u00f6semittelfreiem \u00d6l.<\/p>\n\n\n\n<p class=\"has-medium-font-size\">In Zukunft m\u00f6chte ich auch mehr auf regionale B\u00e4ume setzen, daher kaufe ich aus der Region B\u00e4ume von privaten oder gewerblichen Anbietern auf, um diese weiter zu verarbeiten. Da der Trocknungsprozess Zeit ben\u00f6tigt, kaufe ich, bis gen\u00fcgend Holz vorhanden ist, bei Holzh\u00e4ndlern ein.<\/p>\n\n\n\n<p class=\"has-medium-font-size\">Regionalit\u00e4t ist mir ein gro\u00dfes Anliegen, daher ist es mir wichtig, etwas f\u00fcr den Wald und neue B\u00e4ume zu tun. In meinem Waldst\u00fcck pflanze ich neue B\u00e4ume und sorge daf\u00fcr, dass sie gute Bedingungen zum Wachsen haben.<\/p>\n<\/div>\n<\/div>\n","protected":false},"excerpt":{"rendered":"<p>Meine Leidenschaft ist es M\u00f6bel herzustellen, die sich zeitlos durch Qualit\u00e4t und Gestaltung in die Wohnung und Alltag einf\u00fcgen. Einen besonderen Fokus lege ich auf Nachhaltigkeit. Daher verwende ich, soweit ich kann, ausschlie\u00dflich nat\u00fcrliche Materialien wie Massivholz oder Linoleum. Veredelt werden die Oberfl\u00e4chen der H\u00f6lzer mit l\u00f6semittelfreiem \u00d6l. In Zukunft m\u00f6chte ich auch mehr auf &hellip; <\/p>\n<p class=\"link-more\"><a href=\"https:\/\/loebich-moebelhandwerk.de\/index.php\/ueber-mich\/\" class=\"more-link\">Mehr <span class=\"screen-reader-text\">\u00fcber &#8222;\u00dcber mich&#8220; <\/span>Lesen<\/a><\/p>\n","protected":false},"author":1,"featured_media":191,"parent":0,"menu_order":0,"comment_status":"closed","ping_status":"closed","template":"","meta":{"inspiro_hide_title":false,"footnotes":""},"class_list":["post-190","page","type-page","status-publish","has-post-thumbnail","hentry"],"_links":{"self":[{"href":"https:\/\/loebich-moebelhandwerk.de\/index.php\/wp-json\/wp\/v2\/pages\/190","targetHints":{"allow":["GET"]}}],"collection":[{"href":"https:\/\/loebich-moebelhandwerk.de\/index.php\/wp-json\/wp\/v2\/pages"}],"about":[{"href":"https:\/\/loebich-moebelhandwerk.de\/index.php\/wp-json\/wp\/v2\/types\/page"}],"author":[{"embeddable":true,"href":"https:\/\/loebich-moebelhandwerk.de\/index.php\/wp-json\/wp\/v2\/users\/1"}],"replies":[{"embeddable":true,"href":"https:\/\/loebich-moebelhandwerk.de\/index.php\/wp-json\/wp\/v2\/comments?post=190"}],"version-history":[{"count":8,"href":"https:\/\/loebich-moebelhandwerk.de\/index.php\/wp-json\/wp\/v2\/pages\/190\/revisions"}],"predecessor-version":[{"id":709,"href":"https:\/\/loebich-moebelhandwerk.de\/index.php\/wp-json\/wp\/v2\/pages\/190\/revisions\/709"}],"wp:featuredmedia":[{"embeddable":true,"href":"https:\/\/loebich-moebelhandwerk.de\/index.php\/wp-json\/wp\/v2\/media\/191"}],"wp:attachment":[{"href":"https:\/\/loebich-moebelhandwerk.de\/index.php\/wp-json\/wp\/v2\/media?parent=190"}],"curies":[{"name":"wp","href":"https:\/\/api.w.org\/{rel}","templated":true}]}}